{"id":2783,"date":"2024-07-09T08:08:49","date_gmt":"2024-07-09T08:08:49","guid":{"rendered":"https:\/\/dev.olyv.com\/produkt\/selektion-fruchtig-gruen-von-olyv-500-ml\/"},"modified":"2026-01-09T08:48:37","modified_gmt":"2026-01-09T08:48:37","slug":"selektion-fruchtig-gruen-von-olyv-500-ml","status":"publish","type":"product","link":"https:\/\/www.olyv.com\/de\/produkt\/selektion-fruchtig-gruen-von-olyv-500-ml\/","title":{"rendered":"SELEKTION OLYV-\u00d6L<br>FRUCHTIG GR\u00dcN \u2013 500 ML"},"content":{"rendered":"<p>Tauchen Sie mit der Auswahl Fruchtig Gr\u00fcn in die Essenz des intensiven Geschmacks ein.<\/p>\n<p>Diese fr\u00fche Ernte der noch gr\u00fcnen Olive garantiert, dass jeder Tropfen \u00d6l die Reinheit und Frische der Frucht einf\u00e4ngt und einen unverwechselbaren Kr\u00e4utergeschmack und eine charakteristische Sch\u00e4rfe im Mund, die sogenannte Ardence, bietet.<\/p>\n<p>Diese raffinierte und intensive Auswahl ist das i-T\u00fcpfelchen, um Ihre Gerichte zu verfeinern. Dieses Oliven\u00f6l verleiht Ihren Gerichten, die bei niedrigen Temperaturen zubereitet werden, eine elegante Note oder hebt den Geschmack kurz vor dem Servieren hervor, wodurch ihre kulinarischen Kreationen eine neue Dimension erhalten. <\/p>\n<p>Die Auswahl Fruchtig Gr\u00fcn harmoniert auch hervorragend mit Mousse au Chocolat. Schon ein paar Tropfen reichen aus, um Ihrem Dessert eine besondere Note zu verleihen. <\/p>\n","protected":false},"excerpt":{"rendered":"<p>EXTRA NATIVES OLIVEN\u00d6L<\/p>\n","protected":false},"featured_media":4224,"template":"","meta":{"_acf_changed":false},"product_brand":[],"product_cat":[47],"product_tag":[],"class_list":{"0":"post-2783","1":"product","2":"type-product","3":"status-publish","4":"has-post-thumbnail","6":"product_cat-unkategorisiert-de","8":"first","9":"outofstock","10":"taxable","11":"shipping-taxable","12":"purchasable","13":"product-type-simple"},"acf":[],"_links":{"self":[{"href":"https:\/\/www.olyv.com\/de\/wp-json\/wp\/v2\/product\/2783","targetHints":{"allow":["GET"]}}],"collection":[{"href":"https:\/\/www.olyv.com\/de\/wp-json\/wp\/v2\/product"}],"about":[{"href":"https:\/\/www.olyv.com\/de\/wp-json\/wp\/v2\/types\/product"}],"wp:featuredmedia":[{"embeddable":true,"href":"https:\/\/www.olyv.com\/de\/wp-json\/wp\/v2\/media\/4224"}],"wp:attachment":[{"href":"https:\/\/www.olyv.com\/de\/wp-json\/wp\/v2\/media?parent=2783"}],"wp:term":[{"taxonomy":"product_brand","embeddable":true,"href":"https:\/\/www.olyv.com\/de\/wp-json\/wp\/v2\/product_brand?post=2783"},{"taxonomy":"product_cat","embeddable":true,"href":"https:\/\/www.olyv.com\/de\/wp-json\/wp\/v2\/product_cat?post=2783"},{"taxonomy":"product_tag","embeddable":true,"href":"https:\/\/www.olyv.com\/de\/wp-json\/wp\/v2\/product_tag?post=2783"}],"curies":[{"name":"wp","href":"https:\/\/api.w.org\/{rel}","templated":true}]}}