{"id":2713,"date":"2024-07-22T13:43:21","date_gmt":"2024-07-22T13:43:21","guid":{"rendered":"https:\/\/dev.olyv.com\/impressum\/"},"modified":"2024-12-02T11:37:53","modified_gmt":"2024-12-02T11:37:53","slug":"impressum","status":"publish","type":"page","link":"https:\/\/www.olyv.com\/de\/impressum\/","title":{"rendered":"Impressum"},"content":{"rendered":"\t\t<div data-elementor-type=\"wp-page\" data-elementor-id=\"2713\" class=\"elementor elementor-2713 elementor-1009\" data-elementor-post-type=\"page\">\n\t\t\t\t<div class=\"elementor-element elementor-element-31bdb11 e-flex e-con-boxed e-con e-child\" data-id=\"31bdb11\" data-element_type=\"container\" data-e-type=\"container\">\n\t\t\t\t\t<div class=\"e-con-inner\">\n\t\t\t\t<div class=\"elementor-element elementor-element-347b0dd elementor-widget elementor-widget-heading\" data-id=\"347b0dd\" data-element_type=\"widget\" data-e-type=\"widget\" data-widget_type=\"heading.default\">\n\t\t\t\t<div class=\"elementor-widget-container\">\n\t\t\t\t\t<h1 class=\"elementor-heading-title elementor-size-default\">Impressum<\/h1>\t\t\t\t<\/div>\n\t\t\t\t<\/div>\n\t\t<div class=\"elementor-element elementor-element-b74cb56 e-con-full e-flex e-con e-child\" data-id=\"b74cb56\" data-element_type=\"container\" data-e-type=\"container\">\n\t\t\t\t<div class=\"elementor-element elementor-element-36654b6 elementor-widget elementor-widget-text-editor\" data-id=\"36654b6\" data-element_type=\"widget\" data-e-type=\"widget\" data-widget_type=\"text-editor.default\">\n\t\t\t\t<div class=\"elementor-widget-container\">\n\t\t\t\t\t\t\t\t\t<p>Die auf dieser Homepage aufgef\u00fchrten Texte und Bilder unterliegen dem Copyrightschutz und d\u00fcrfen nicht ohne Einwilligung von uns weiterverwendet werden.<\/p>\n<p><strong>OLYV S\u00e0rl<\/strong><br \/>Chemin des Cr\u00eates 39<br \/>1997 Haute Nendaz<br \/>Suisse (CH)<br \/>+41 79 255 68 47<br \/><a href=\"mailto:info@olyv.com\">info@olyv.com<\/a><\/p>\n<p class=\"p1\"><strong>Register-Nummer<\/strong><br \/>CHE-206.638.478<\/p>\n<p><strong>Widerspruch gegen unerw\u00fcnschte Werbe-E-Mails oder Post<\/strong><\/p>\n<p>Der Nutzung der im Rahmen der Impressumspflicht ver\u00f6ffentlichten Kontaktdaten zur \u00dcbersendung von nicht ausdr\u00fccklich angeforderter Werbung und Informationsmaterialien wird hiermit widersprochen. Im Falle der unverlangten Zusendung von Werbeinformationen, etwa durch Spam-E-Mails oder Post, behalten die Betreiber dieser Seite ausdr\u00fccklich rechtliche Schritte vor. <\/p>\n\t\t\t\t\t\t\t\t<\/div>\n\t\t\t\t<\/div>\n\t\t\t\t<\/div>\n\t\t\t\t\t<\/div>\n\t\t\t\t<\/div>\n\t\t\t\t<\/div>\n\t\t","protected":false},"excerpt":{"rendered":"<p>Impressum Die auf dieser Homepage aufgef\u00fchrten Texte und Bilder unterliegen dem Copyrightschutz und d\u00fcrfen nicht ohne Einwilligung von uns weiterverwendet werden. OLYV S\u00e0rlChemin des Cr\u00eates 391997 Haute NendazSuisse (CH)+41 79 255 68 47info@olyv.com Register-NummerCHE-206.638.478 Widerspruch gegen unerw\u00fcnschte Werbe-E-Mails oder Post Der Nutzung der im Rahmen der Impressumspflicht ver\u00f6ffentlichten Kontaktdaten zur \u00dcbersendung von nicht ausdr\u00fccklich angeforderter [&hellip;]<\/p>\n","protected":false},"author":1,"featured_media":0,"parent":0,"menu_order":0,"comment_status":"closed","ping_status":"closed","template":"","meta":{"_acf_changed":false,"footnotes":""},"class_list":["post-2713","page","type-page","status-publish","hentry"],"acf":[],"_links":{"self":[{"href":"https:\/\/www.olyv.com\/de\/wp-json\/wp\/v2\/pages\/2713","targetHints":{"allow":["GET"]}}],"collection":[{"href":"https:\/\/www.olyv.com\/de\/wp-json\/wp\/v2\/pages"}],"about":[{"href":"https:\/\/www.olyv.com\/de\/wp-json\/wp\/v2\/types\/page"}],"author":[{"embeddable":true,"href":"https:\/\/www.olyv.com\/de\/wp-json\/wp\/v2\/users\/1"}],"replies":[{"embeddable":true,"href":"https:\/\/www.olyv.com\/de\/wp-json\/wp\/v2\/comments?post=2713"}],"version-history":[{"count":2,"href":"https:\/\/www.olyv.com\/de\/wp-json\/wp\/v2\/pages\/2713\/revisions"}],"predecessor-version":[{"id":3472,"href":"https:\/\/www.olyv.com\/de\/wp-json\/wp\/v2\/pages\/2713\/revisions\/3472"}],"wp:attachment":[{"href":"https:\/\/www.olyv.com\/de\/wp-json\/wp\/v2\/media?parent=2713"}],"curies":[{"name":"wp","href":"https:\/\/api.w.org\/{rel}","templated":true}]}}